{"id":345,"date":"2023-08-08T16:46:39","date_gmt":"2023-08-08T16:46:39","guid":{"rendered":"https:\/\/vertice.com.do\/vertice\/?page_id=345"},"modified":"2026-04-30T13:01:43","modified_gmt":"2026-04-30T13:01:43","slug":"gracias","status":"publish","type":"page","link":"https:\/\/vertice.com.do\/en\/gracias\/","title":{"rendered":"Thank You!"},"content":{"rendered":"\t\t<div data-elementor-type=\"wp-page\" data-elementor-id=\"345\" class=\"elementor elementor-345\" data-elementor-settings=\"{&quot;ha_cmc_init_switcher&quot;:&quot;no&quot;}\">\n\t\t\t\t\t\t<section class=\"elementor-section elementor-top-section elementor-element elementor-element-dfa4349 elementor-section-content-middle elementor-section-height-min-height elementor-section-items-top elementor-section-boxed elementor-section-height-default\" data-id=\"dfa4349\" data-element_type=\"section\" data-e-type=\"section\" data-settings=\"{&quot;background_background&quot;:&quot;slideshow&quot;,&quot;background_slideshow_gallery&quot;:[{&quot;id&quot;:63,&quot;url&quot;:&quot;https:\\\/\\\/vertice.com.do\\\/vertice\\\/wp-content\\\/uploads\\\/2023\\\/07\\\/shutterstock_1931823680-scaled.jpg&quot;},{&quot;id&quot;:64,&quot;url&quot;:&quot;https:\\\/\\\/vertice.com.do\\\/vertice\\\/wp-content\\\/uploads\\\/2023\\\/07\\\/shutterstock_2293046895-scaled.jpg&quot;},{&quot;id&quot;:65,&quot;url&quot;:&quot;https:\\\/\\\/vertice.com.do\\\/vertice\\\/wp-content\\\/uploads\\\/2023\\\/07\\\/shutterstock_368080166-scaled.jpg&quot;}],&quot;background_slideshow_slide_transition&quot;:&quot;slide_up&quot;,&quot;background_slideshow_ken_burns&quot;:&quot;yes&quot;,&quot;background_slideshow_loop&quot;:&quot;yes&quot;,&quot;background_slideshow_slide_duration&quot;:5000,&quot;background_slideshow_transition_duration&quot;:500,&quot;background_slideshow_ken_burns_zoom_direction&quot;:&quot;in&quot;,&quot;_ha_eqh_enable&quot;:false}\">\n\t\t\t\t\t\t\t<div class=\"elementor-background-overlay\"><\/div>\n\t\t\t\t\t\t\t<div class=\"elementor-container elementor-column-gap-default\">\n\t\t\t\t\t<div class=\"elementor-column elementor-col-100 elementor-top-column elementor-element elementor-element-9dda325\" data-id=\"9dda325\" data-element_type=\"column\" data-e-type=\"column\">\n\t\t\t<div class=\"elementor-widget-wrap elementor-element-populated\">\n\t\t\t\t\t\t<section class=\"elementor-section elementor-inner-section elementor-element elementor-element-31b668b elementor-section-content-middle elementor-section-boxed elementor-section-height-default elementor-section-height-default\" data-id=\"31b668b\" data-element_type=\"section\" data-e-type=\"section\" data-settings=\"{&quot;_ha_eqh_enable&quot;:false}\">\n\t\t\t\t\t\t<div class=\"elementor-container elementor-column-gap-default\">\n\t\t\t\t\t<div class=\"elementor-column elementor-col-50 elementor-inner-column elementor-element elementor-element-c286f48\" data-id=\"c286f48\" data-element_type=\"column\" data-e-type=\"column\">\n\t\t\t<div class=\"elementor-widget-wrap elementor-element-populated\">\n\t\t\t\t\t\t<div class=\"elementor-element elementor-element-19a55dd elementor-widget elementor-widget-image\" data-id=\"19a55dd\" data-element_type=\"widget\" data-e-type=\"widget\" data-widget_type=\"image.default\">\n\t\t\t\t<div class=\"elementor-widget-container\">\n\t\t\t\t\t\t\t\t\t\t\t\t\t\t\t\t<a href=\"https:\/\/vertice.com.do\/\">\n\t\t\t\t\t\t\t<img decoding=\"async\" src=\"https:\/\/vertice.com.do\/wp-content\/uploads\/2023\/07\/main-logo.png\" title=\"V\u00e9rtice, SAS\" alt=\"V\u00e9rtice, SAS\" loading=\"lazy\" \/>\t\t\t\t\t\t\t\t<\/a>\n\t\t\t\t\t\t\t\t\t\t\t\t\t\t\t<\/div>\n\t\t\t\t<\/div>\n\t\t\t\t\t<\/div>\n\t\t<\/div>\n\t\t\t\t<div class=\"elementor-column elementor-col-50 elementor-inner-column elementor-element elementor-element-3adf3bc\" data-id=\"3adf3bc\" data-element_type=\"column\" data-e-type=\"column\">\n\t\t\t<div class=\"elementor-widget-wrap elementor-element-populated\">\n\t\t\t\t\t\t<div class=\"elementor-element elementor-element-de90105 premium-ham-slide premium-nav-hor premium-slide-auto premium-nav-none elementor-widget elementor-widget-premium-nav-menu\" data-id=\"de90105\" data-element_type=\"widget\" data-e-type=\"widget\" data-settings=\"{&quot;submenu_icon&quot;:{&quot;value&quot;:&quot;fas fa-angle-down&quot;,&quot;library&quot;:&quot;fa-solid&quot;},&quot;submenu_item_icon&quot;:{&quot;value&quot;:&quot;&quot;,&quot;library&quot;:&quot;&quot;}}\" data-widget_type=\"premium-nav-menu.default\">\n\t\t\t\t<div class=\"elementor-widget-container\">\n\t\t\t\t\t\t\t<div data-settings=\"{&quot;breakpoint&quot;:767,&quot;mobileLayout&quot;:&quot;slide&quot;,&quot;mainLayout&quot;:&quot;hor&quot;,&quot;stretchDropdown&quot;:false,&quot;hoverEffect&quot;:&quot;&quot;,&quot;submenuEvent&quot;:&quot;hover&quot;,&quot;submenuTrigger&quot;:&quot;item&quot;,&quot;closeAfterClick&quot;:false,&quot;renderMobileMenu&quot;:true}\" class=\"premium-nav-widget-container premium-nav-pointer-none\" style=\"visibility:hidden; opacity:0;\">\n\t\t\t<div class=\"premium-ver-inner-container\">\n\t\t\t\t\t\t\t\t\t<div class=\"premium-hamburger-toggle premium-mobile-menu-icon\" role=\"button\" aria-label=\"Toggle Menu\">\n\t\t\t\t\t\t<span class=\"premium-toggle-text\">\n\t\t\t\t\t\t\t<i aria-hidden=\"true\" class=\"fas fa-bars\"><\/i>\t\t\t\t\t\t<\/span>\n\t\t\t\t\t\t<span class=\"premium-toggle-close\">\n\t\t\t\t\t\t\t<i aria-hidden=\"true\" class=\"fas fa-times\"><\/i>\t\t\t\t\t\t<\/span>\n\t\t\t\t\t<\/div>\n\t\t\t\t\t\t\t\t\t\t\t<div class=\"premium-nav-menu-container premium-nav-default\">\n\t\t\t\t\t\t\t<ul id=\"menu-menu-principal\" class=\"premium-nav-menu premium-main-nav-menu\"><li id=\"premium-nav-menu-item-18\" class=\"menu-item menu-item-type-post_type menu-item-object-page menu-item-home premium-nav-menu-item\"><a href=\"https:\/\/vertice.com.do\/en\/\" class=\"premium-menu-link premium-menu-link-parent premium-lq__none\">Inicio<\/a><\/li>\n<li id=\"premium-nav-menu-item-285\" class=\"menu-item menu-item-type-post_type menu-item-object-page premium-nav-menu-item\"><a href=\"https:\/\/vertice.com.do\/en\/productos\/\" class=\"premium-menu-link premium-menu-link-parent premium-lq__none\">Productos<\/a><\/li>\n<li id=\"premium-nav-menu-item-320\" class=\"menu-item menu-item-type-post_type menu-item-object-page premium-nav-menu-item\"><a href=\"https:\/\/vertice.com.do\/en\/contacto\/\" class=\"premium-menu-link premium-menu-link-parent premium-lq__none\">Contacto<\/a><\/li>\n<\/ul>\t\t\t\t\t\t<\/div>\n\t\t\t\t\t\t\t\t\t\t\t<div class=\"premium-nav-slide-overlay\"><\/div>\n\t\t\t\t\t<div class=\"premium-mobile-menu-outer-container\">\n\t\t\t\t\t\t<div class=\"premium-mobile-menu-close\" role=\"button\" aria-label=\"Close Menu\">\n\t\t\t\t\t\t\t<i aria-hidden=\"true\" class=\"fas fa-times\"><\/i>\t\t\t\t\t\t\t<span class=\"premium-toggle-close\"><\/span>\n\t\t\t\t\t\t<\/div>\n\t\t\t\t\t\t\t\t\t\t\t\t<div class=\"premium-mobile-menu-container\">\n\t\t\t\t\t\t\t\t\t\t\t\t\t\t\t<ul id=\"menu-menu-principal-1\" class=\"premium-mobile-menu premium-main-mobile-menu premium-main-nav-menu\"><li id=\"premium-nav-menu-item-181\" class=\"menu-item menu-item-type-post_type menu-item-object-page menu-item-home premium-nav-menu-item\"><a href=\"https:\/\/vertice.com.do\/en\/\" class=\"premium-menu-link premium-menu-link-parent premium-lq__none\">Inicio<\/a><\/li>\n<li id=\"premium-nav-menu-item-2852\" class=\"menu-item menu-item-type-post_type menu-item-object-page premium-nav-menu-item\"><a href=\"https:\/\/vertice.com.do\/en\/productos\/\" class=\"premium-menu-link premium-menu-link-parent premium-lq__none\">Productos<\/a><\/li>\n<li id=\"premium-nav-menu-item-3203\" class=\"menu-item menu-item-type-post_type menu-item-object-page premium-nav-menu-item\"><a href=\"https:\/\/vertice.com.do\/en\/contacto\/\" class=\"premium-menu-link premium-menu-link-parent premium-lq__none\">Contacto<\/a><\/li>\n<\/ul>\t\t\t\t\t\t\t\t\t\t\t\t\t\t<\/div>\n\t\t\t\t\t\t<\/div>\t\t\t\t<\/div>\n\t\t\t<\/div>\n\t\t\t\t\t\t\t<\/div>\n\t\t\t\t<\/div>\n\t\t\t\t\t<\/div>\n\t\t<\/div>\n\t\t\t\t\t<\/div>\n\t\t<\/section>\n\t\t\t\t<section class=\"elementor-section elementor-inner-section elementor-element elementor-element-ecf6e92 elementor-section-boxed elementor-section-height-default elementor-section-height-default\" data-id=\"ecf6e92\" data-element_type=\"section\" data-e-type=\"section\" data-settings=\"{&quot;_ha_eqh_enable&quot;:false}\">\n\t\t\t\t\t\t<div class=\"elementor-container elementor-column-gap-default\">\n\t\t\t\t\t<div class=\"elementor-column elementor-col-100 elementor-inner-column elementor-element elementor-element-86a8885\" data-id=\"86a8885\" data-element_type=\"column\" data-e-type=\"column\">\n\t\t\t<div class=\"elementor-widget-wrap elementor-element-populated\">\n\t\t\t\t\t\t<div class=\"elementor-element elementor-element-144c49b elementor-widget elementor-widget-heading\" data-id=\"144c49b\" data-element_type=\"widget\" data-e-type=\"widget\" data-widget_type=\"heading.default\">\n\t\t\t\t<div class=\"elementor-widget-container\">\n\t\t\t\t\t<h1 class=\"elementor-heading-title elementor-size-default\">Gracias <\/h1>\t\t\t\t<\/div>\n\t\t\t\t<\/div>\n\t\t\t\t\t<\/div>\n\t\t<\/div>\n\t\t\t\t\t<\/div>\n\t\t<\/section>\n\t\t\t\t\t<\/div>\n\t\t<\/div>\n\t\t\t\t\t<\/div>\n\t\t<\/section>\n\t\t\t\t<section class=\"elementor-section elementor-top-section elementor-element elementor-element-865343a elementor-section-boxed elementor-section-height-default elementor-section-height-default\" data-id=\"865343a\" data-element_type=\"section\" data-e-type=\"section\" data-settings=\"{&quot;_ha_eqh_enable&quot;:false}\">\n\t\t\t\t\t\t<div class=\"elementor-container elementor-column-gap-default\">\n\t\t\t\t\t<div class=\"elementor-column elementor-col-100 elementor-top-column elementor-element elementor-element-756bc3c\" data-id=\"756bc3c\" data-element_type=\"column\" data-e-type=\"column\">\n\t\t\t<div class=\"elementor-widget-wrap\">\n\t\t\t\t\t\t\t<\/div>\n\t\t<\/div>\n\t\t\t\t\t<\/div>\n\t\t<\/section>\n\t\t\t\t<section class=\"elementor-section elementor-top-section elementor-element elementor-element-b7d789a elementor-section-boxed elementor-section-height-default elementor-section-height-default\" data-id=\"b7d789a\" data-element_type=\"section\" data-e-type=\"section\" data-settings=\"{&quot;_ha_eqh_enable&quot;:false}\">\n\t\t\t\t\t\t<div class=\"elementor-container elementor-column-gap-default\">\n\t\t\t\t\t<div class=\"elementor-column elementor-col-100 elementor-top-column elementor-element elementor-element-bedec9b\" data-id=\"bedec9b\" data-element_type=\"column\" data-e-type=\"column\">\n\t\t\t<div class=\"elementor-widget-wrap elementor-element-populated\">\n\t\t\t\t\t\t<div class=\"elementor-element elementor-element-df7146f elementor-widget elementor-widget-heading\" data-id=\"df7146f\" data-element_type=\"widget\" data-e-type=\"widget\" data-widget_type=\"heading.default\">\n\t\t\t\t<div class=\"elementor-widget-container\">\n\t\t\t\t\t<h3 class=\"elementor-heading-title elementor-size-default\">\u00a1Gracias por contactarnos! <\/h3>\t\t\t\t<\/div>\n\t\t\t\t<\/div>\n\t\t\t\t<div class=\"elementor-element elementor-element-be76fef elementor-widget elementor-widget-text-editor\" data-id=\"be76fef\" data-element_type=\"widget\" data-e-type=\"widget\" data-widget_type=\"text-editor.default\">\n\t\t\t\t<div class=\"elementor-widget-container\">\n\t\t\t\t\t\t\t\t\t<p>Valoramos tu inter\u00e9s en nuestros servicios. Nuestro equipo revisar\u00e1 tu mensaje y te responder\u00e1 lo antes posible. Si tienes consultas urgentes, no dudes en llamarnos<\/p>\t\t\t\t\t\t\t\t<\/div>\n\t\t\t\t<\/div>\n\t\t\t\t<div class=\"elementor-element elementor-element-b1d4f7a elementor-align-center elementor-widget elementor-widget-button\" data-id=\"b1d4f7a\" data-element_type=\"widget\" data-e-type=\"widget\" data-widget_type=\"button.default\">\n\t\t\t\t<div class=\"elementor-widget-container\">\n\t\t\t\t\t\t\t\t\t<div class=\"elementor-button-wrapper\">\n\t\t\t\t\t<a class=\"elementor-button elementor-button-link elementor-size-sm\" href=\"tel:809-537-3300\">\n\t\t\t\t\t\t<span class=\"elementor-button-content-wrapper\">\n\t\t\t\t\t\t\t\t\t<span class=\"elementor-button-text\">\u00a1Ll\u00e1manos Ahora!<\/span>\n\t\t\t\t\t<\/span>\n\t\t\t\t\t<\/a>\n\t\t\t\t<\/div>\n\t\t\t\t\t\t\t\t<\/div>\n\t\t\t\t<\/div>\n\t\t\t\t\t<\/div>\n\t\t<\/div>\n\t\t\t\t\t<\/div>\n\t\t<\/section>\n\t\t\t\t<section class=\"elementor-section elementor-top-section elementor-element elementor-element-61c3750 elementor-section-boxed elementor-section-height-default elementor-section-height-default\" data-id=\"61c3750\" data-element_type=\"section\" data-e-type=\"section\" data-settings=\"{&quot;_ha_eqh_enable&quot;:false}\">\n\t\t\t\t\t\t<div class=\"elementor-container elementor-column-gap-default\">\n\t\t\t\t\t<div class=\"elementor-column elementor-col-100 elementor-top-column elementor-element elementor-element-97a20ab\" data-id=\"97a20ab\" data-element_type=\"column\" data-e-type=\"column\">\n\t\t\t<div class=\"elementor-widget-wrap elementor-element-populated\">\n\t\t\t\t\t\t<div class=\"elementor-element elementor-element-77ffecf elementor-widget elementor-widget-text-editor\" data-id=\"77ffecf\" data-element_type=\"widget\" data-e-type=\"widget\" data-widget_type=\"text-editor.default\">\n\t\t\t\t<div class=\"elementor-widget-container\">\n\t\t\t\t\t\t\t\t\t<p>Tu satisfacci\u00f3n es importante para nosotros, y esperamos tener la oportunidad de ayudarte.<\/p>\t\t\t\t\t\t\t\t<\/div>\n\t\t\t\t<\/div>\n\t\t\t\t\t<\/div>\n\t\t<\/div>\n\t\t\t\t\t<\/div>\n\t\t<\/section>\n\t\t\t\t<section class=\"elementor-section elementor-top-section elementor-element elementor-element-0dffd44 elementor-section-boxed elementor-section-height-default elementor-section-height-default\" data-id=\"0dffd44\" data-element_type=\"section\" data-e-type=\"section\" data-settings=\"{&quot;_ha_eqh_enable&quot;:false}\">\n\t\t\t\t\t\t<div class=\"elementor-container elementor-column-gap-default\">\n\t\t\t\t\t<div class=\"elementor-column elementor-col-100 elementor-top-column elementor-element elementor-element-d10c5f4\" data-id=\"d10c5f4\" data-element_type=\"column\" data-e-type=\"column\">\n\t\t\t<div class=\"elementor-widget-wrap\">\n\t\t\t\t\t\t\t<\/div>\n\t\t<\/div>\n\t\t\t\t\t<\/div>\n\t\t<\/section>\n\t\t\t\t<\/div>\n\t\t","protected":false},"excerpt":{"rendered":"<p>Inicio Productos Contacto Inicio Productos Contacto Gracias \u00a1Gracias por contactarnos! Valoramos tu inter\u00e9s en nuestros servicios. Nuestro equipo revisar\u00e1 tu mensaje y te responder\u00e1 lo antes posible. Si tienes consultas urgentes, no dudes en llamarnos \u00a1Ll\u00e1manos Ahora! Tu satisfacci\u00f3n es importante para nosotros, y esperamos tener la oportunidad de ayudarte.<\/p>","protected":false},"author":1,"featured_media":0,"parent":0,"menu_order":0,"comment_status":"closed","ping_status":"closed","template":"elementor_header_footer","meta":{"_joinchat":[],"footnotes":""},"class_list":["post-345","page","type-page","status-publish","hentry"],"yoast_head":"<!-- This site is optimized with the Yoast SEO plugin v24.8.1 - https:\/\/yoast.com\/wordpress\/plugins\/seo\/ -->\n<title>V\u00e9rtice, SAS - Materias Primas y Especialidades Qu\u00edmicas<\/title>\n<meta name=\"description\" content=\"Bienvenido a V\u00e9rtice, SAS. Proveemos materias primas y especialidades qu\u00edmicas de alta calidad para diversas industrias, desde alimenticia y farmac\u00e9utica hasta limpieza y construcci\u00f3n. Garantizamos soluciones eficientes, servicio t\u00e9cnico y productos confiables.\" \/>\n<meta name=\"robots\" content=\"index, follow, max-snippet:-1, max-image-preview:large, max-video-preview:-1\" \/>\n<link rel=\"canonical\" href=\"https:\/\/vertice.com.do\/en\/gracias\/\" \/>\n<meta property=\"og:locale\" content=\"en_US\" \/>\n<meta property=\"og:type\" content=\"article\" \/>\n<meta property=\"og:title\" content=\"V\u00e9rtice, SAS - Materias Primas y Especialidades Qu\u00edmicas | Soluciones para Diversas Industrias\" \/>\n<meta property=\"og:description\" content=\"Bienvenido a V\u00e9rtice, SAS. Proveemos materias primas y especialidades qu\u00edmicas de alta calidad para diversas industrias, desde alimenticia y farmac\u00e9utica hasta limpieza y construcci\u00f3n. Garantizamos soluciones eficientes, servicio t\u00e9cnico y productos confiables.\" \/>\n<meta property=\"og:url\" content=\"https:\/\/vertice.com.do\/en\/gracias\/\" \/>\n<meta property=\"og:site_name\" content=\"Vertice\" \/>\n<meta property=\"article:modified_time\" content=\"2026-04-30T13:01:43+00:00\" \/>\n<meta property=\"og:image\" content=\"https:\/\/vertice.com.do\/wp-content\/uploads\/2023\/07\/302284324_435847165361233_251413896286204449_n-e1691438635657.png\" \/>\n\t<meta property=\"og:image:width\" content=\"509\" \/>\n\t<meta property=\"og:image:height\" content=\"151\" \/>\n\t<meta property=\"og:image:type\" content=\"image\/png\" \/>\n<meta name=\"twitter:card\" content=\"summary_large_image\" \/>\n<meta name=\"twitter:title\" content=\"V\u00e9rtice, SAS - Materias Primas y Especialidades Qu\u00edmicas | Soluciones para Diversas Industrias\" \/>\n<meta name=\"twitter:description\" content=\"Bienvenido a V\u00e9rtice, SAS. Proveemos materias primas y especialidades qu\u00edmicas de alta calidad para diversas industrias, desde alimenticia y farmac\u00e9utica hasta limpieza y construcci\u00f3n. Garantizamos soluciones eficientes, servicio t\u00e9cnico y productos confiables\" \/>\n<meta name=\"twitter:image\" content=\"https:\/\/vertice.com.do\/wp-content\/uploads\/2023\/07\/302284324_435847165361233_251413896286204449_n-e1691438635657.png\" \/>\n<meta name=\"twitter:label1\" content=\"Est. reading time\" \/>\n\t<meta name=\"twitter:data1\" content=\"1 minute\" \/>\n<script type=\"application\/ld+json\" class=\"yoast-schema-graph\">{\"@context\":\"https:\/\/schema.org\",\"@graph\":[{\"@type\":\"WebPage\",\"@id\":\"https:\/\/vertice.com.do\/gracias\/\",\"url\":\"https:\/\/vertice.com.do\/gracias\/\",\"name\":\"V\u00e9rtice, SAS - Materias Primas y Especialidades Qu\u00edmicas\",\"isPartOf\":{\"@id\":\"https:\/\/vertice.com.do\/#website\"},\"primaryImageOfPage\":{\"@id\":\"https:\/\/vertice.com.do\/gracias\/#primaryimage\"},\"image\":{\"@id\":\"https:\/\/vertice.com.do\/gracias\/#primaryimage\"},\"thumbnailUrl\":\"https:\/\/vertice.com.do\/wp-content\/uploads\/2023\/07\/main-logo.png\",\"datePublished\":\"2023-08-08T16:46:39+00:00\",\"dateModified\":\"2026-04-30T13:01:43+00:00\",\"description\":\"Bienvenido a V\u00e9rtice, SAS. Proveemos materias primas y especialidades qu\u00edmicas de alta calidad para diversas industrias, desde alimenticia y farmac\u00e9utica hasta limpieza y construcci\u00f3n. Garantizamos soluciones eficientes, servicio t\u00e9cnico y productos confiables.\",\"breadcrumb\":{\"@id\":\"https:\/\/vertice.com.do\/gracias\/#breadcrumb\"},\"inLanguage\":\"en-US\",\"potentialAction\":[{\"@type\":\"ReadAction\",\"target\":[\"https:\/\/vertice.com.do\/gracias\/\"]}]},{\"@type\":\"ImageObject\",\"inLanguage\":\"en-US\",\"@id\":\"https:\/\/vertice.com.do\/gracias\/#primaryimage\",\"url\":\"https:\/\/vertice.com.do\/wp-content\/uploads\/2023\/07\/main-logo.png\",\"contentUrl\":\"https:\/\/vertice.com.do\/wp-content\/uploads\/2023\/07\/main-logo.png\"},{\"@type\":\"BreadcrumbList\",\"@id\":\"https:\/\/vertice.com.do\/gracias\/#breadcrumb\",\"itemListElement\":[{\"@type\":\"ListItem\",\"position\":1,\"name\":\"Home\",\"item\":\"https:\/\/vertice.com.do\/\"},{\"@type\":\"ListItem\",\"position\":2,\"name\":\"Gracias\"}]},{\"@type\":\"WebSite\",\"@id\":\"https:\/\/vertice.com.do\/#website\",\"url\":\"https:\/\/vertice.com.do\/\",\"name\":\"Vertice\",\"description\":\"\",\"publisher\":{\"@id\":\"https:\/\/vertice.com.do\/#organization\"},\"potentialAction\":[{\"@type\":\"SearchAction\",\"target\":{\"@type\":\"EntryPoint\",\"urlTemplate\":\"https:\/\/vertice.com.do\/?s={search_term_string}\"},\"query-input\":{\"@type\":\"PropertyValueSpecification\",\"valueRequired\":true,\"valueName\":\"search_term_string\"}}],\"inLanguage\":\"en-US\"},{\"@type\":\"Organization\",\"@id\":\"https:\/\/vertice.com.do\/#organization\",\"name\":\"Vertice\",\"url\":\"https:\/\/vertice.com.do\/\",\"logo\":{\"@type\":\"ImageObject\",\"inLanguage\":\"en-US\",\"@id\":\"https:\/\/vertice.com.do\/#\/schema\/logo\/image\/\",\"url\":\"https:\/\/vertice.com.do\/wp-content\/uploads\/2023\/07\/302284324_435847165361233_251413896286204449_n-e1691438635657.png\",\"contentUrl\":\"https:\/\/vertice.com.do\/wp-content\/uploads\/2023\/07\/302284324_435847165361233_251413896286204449_n-e1691438635657.png\",\"width\":509,\"height\":151,\"caption\":\"Vertice\"},\"image\":{\"@id\":\"https:\/\/vertice.com.do\/#\/schema\/logo\/image\/\"}}]}<\/script>\n<!-- \/ Yoast SEO plugin. -->","yoast_head_json":{"title":"V\u00e9rtice, SAS - Materias Primas y Especialidades Qu\u00edmicas","description":"Bienvenido a V\u00e9rtice, SAS. Proveemos materias primas y especialidades qu\u00edmicas de alta calidad para diversas industrias, desde alimenticia y farmac\u00e9utica hasta limpieza y construcci\u00f3n. Garantizamos soluciones eficientes, servicio t\u00e9cnico y productos confiables.","robots":{"index":"index","follow":"follow","max-snippet":"max-snippet:-1","max-image-preview":"max-image-preview:large","max-video-preview":"max-video-preview:-1"},"canonical":"https:\/\/vertice.com.do\/en\/gracias\/","og_locale":"en_US","og_type":"article","og_title":"V\u00e9rtice, SAS - Materias Primas y Especialidades Qu\u00edmicas | Soluciones para Diversas Industrias","og_description":"Bienvenido a V\u00e9rtice, SAS. Proveemos materias primas y especialidades qu\u00edmicas de alta calidad para diversas industrias, desde alimenticia y farmac\u00e9utica hasta limpieza y construcci\u00f3n. Garantizamos soluciones eficientes, servicio t\u00e9cnico y productos confiables.","og_url":"https:\/\/vertice.com.do\/en\/gracias\/","og_site_name":"Vertice","article_modified_time":"2026-04-30T13:01:43+00:00","og_image":[{"width":509,"height":151,"url":"https:\/\/vertice.com.do\/wp-content\/uploads\/2023\/07\/302284324_435847165361233_251413896286204449_n-e1691438635657.png","type":"image\/png"}],"twitter_card":"summary_large_image","twitter_title":"V\u00e9rtice, SAS - Materias Primas y Especialidades Qu\u00edmicas | Soluciones para Diversas Industrias","twitter_description":"Bienvenido a V\u00e9rtice, SAS. Proveemos materias primas y especialidades qu\u00edmicas de alta calidad para diversas industrias, desde alimenticia y farmac\u00e9utica hasta limpieza y construcci\u00f3n. Garantizamos soluciones eficientes, servicio t\u00e9cnico y productos confiables","twitter_image":"https:\/\/vertice.com.do\/wp-content\/uploads\/2023\/07\/302284324_435847165361233_251413896286204449_n-e1691438635657.png","twitter_misc":{"Est. reading time":"1 minute"},"schema":{"@context":"https:\/\/schema.org","@graph":[{"@type":"WebPage","@id":"https:\/\/vertice.com.do\/gracias\/","url":"https:\/\/vertice.com.do\/gracias\/","name":"V\u00e9rtice, SAS - Materias Primas y Especialidades Qu\u00edmicas","isPartOf":{"@id":"https:\/\/vertice.com.do\/#website"},"primaryImageOfPage":{"@id":"https:\/\/vertice.com.do\/gracias\/#primaryimage"},"image":{"@id":"https:\/\/vertice.com.do\/gracias\/#primaryimage"},"thumbnailUrl":"https:\/\/vertice.com.do\/wp-content\/uploads\/2023\/07\/main-logo.png","datePublished":"2023-08-08T16:46:39+00:00","dateModified":"2026-04-30T13:01:43+00:00","description":"Bienvenido a V\u00e9rtice, SAS. Proveemos materias primas y especialidades qu\u00edmicas de alta calidad para diversas industrias, desde alimenticia y farmac\u00e9utica hasta limpieza y construcci\u00f3n. Garantizamos soluciones eficientes, servicio t\u00e9cnico y productos confiables.","breadcrumb":{"@id":"https:\/\/vertice.com.do\/gracias\/#breadcrumb"},"inLanguage":"en-US","potentialAction":[{"@type":"ReadAction","target":["https:\/\/vertice.com.do\/gracias\/"]}]},{"@type":"ImageObject","inLanguage":"en-US","@id":"https:\/\/vertice.com.do\/gracias\/#primaryimage","url":"https:\/\/vertice.com.do\/wp-content\/uploads\/2023\/07\/main-logo.png","contentUrl":"https:\/\/vertice.com.do\/wp-content\/uploads\/2023\/07\/main-logo.png"},{"@type":"BreadcrumbList","@id":"https:\/\/vertice.com.do\/gracias\/#breadcrumb","itemListElement":[{"@type":"ListItem","position":1,"name":"Home","item":"https:\/\/vertice.com.do\/"},{"@type":"ListItem","position":2,"name":"Gracias"}]},{"@type":"WebSite","@id":"https:\/\/vertice.com.do\/#website","url":"https:\/\/vertice.com.do\/","name":"Vertice","description":"","publisher":{"@id":"https:\/\/vertice.com.do\/#organization"},"potentialAction":[{"@type":"SearchAction","target":{"@type":"EntryPoint","urlTemplate":"https:\/\/vertice.com.do\/?s={search_term_string}"},"query-input":{"@type":"PropertyValueSpecification","valueRequired":true,"valueName":"search_term_string"}}],"inLanguage":"en-US"},{"@type":"Organization","@id":"https:\/\/vertice.com.do\/#organization","name":"Vertice","url":"https:\/\/vertice.com.do\/","logo":{"@type":"ImageObject","inLanguage":"en-US","@id":"https:\/\/vertice.com.do\/#\/schema\/logo\/image\/","url":"https:\/\/vertice.com.do\/wp-content\/uploads\/2023\/07\/302284324_435847165361233_251413896286204449_n-e1691438635657.png","contentUrl":"https:\/\/vertice.com.do\/wp-content\/uploads\/2023\/07\/302284324_435847165361233_251413896286204449_n-e1691438635657.png","width":509,"height":151,"caption":"Vertice"},"image":{"@id":"https:\/\/vertice.com.do\/#\/schema\/logo\/image\/"}}]}},"_links":{"self":[{"href":"https:\/\/vertice.com.do\/en\/wp-json\/wp\/v2\/pages\/345","targetHints":{"allow":["GET"]}}],"collection":[{"href":"https:\/\/vertice.com.do\/en\/wp-json\/wp\/v2\/pages"}],"about":[{"href":"https:\/\/vertice.com.do\/en\/wp-json\/wp\/v2\/types\/page"}],"author":[{"embeddable":true,"href":"https:\/\/vertice.com.do\/en\/wp-json\/wp\/v2\/users\/1"}],"replies":[{"embeddable":true,"href":"https:\/\/vertice.com.do\/en\/wp-json\/wp\/v2\/comments?post=345"}],"version-history":[{"count":7,"href":"https:\/\/vertice.com.do\/en\/wp-json\/wp\/v2\/pages\/345\/revisions"}],"predecessor-version":[{"id":472,"href":"https:\/\/vertice.com.do\/en\/wp-json\/wp\/v2\/pages\/345\/revisions\/472"}],"wp:attachment":[{"href":"https:\/\/vertice.com.do\/en\/wp-json\/wp\/v2\/media?parent=345"}],"curies":[{"name":"wp","href":"https:\/\/api.w.org\/{rel}","templated":true}]}}